{"id":350,"date":"2015-10-07T20:15:00","date_gmt":"2015-10-07T20:15:00","guid":{"rendered":"http:\/\/www.lamazettedusud.net\/?page_id=350"},"modified":"2024-05-12T16:42:31","modified_gmt":"2024-05-12T16:42:31","slug":"liens","status":"publish","type":"page","link":"https:\/\/www.lamazettedusud.net\/?page_id=350","title":{"rendered":"Liens Utiles"},"content":{"rendered":"\n<div style=\"height:110px\" aria-hidden=\"true\" class=\"wp-block-spacer\"><\/div>\n\n\n<style>.kb-row-layout-wrap.wp-block-kadence-rowlayout.kb-row-layout-id350_899840-94{margin-top:var(--global-kb-spacing-xs, 1rem);margin-bottom:var(--global-kb-spacing-xs, 1rem);}.kb-row-layout-id350_899840-94 > .kt-row-column-wrap{align-content:start;}:where(.kb-row-layout-id350_899840-94 > .kt-row-column-wrap) > .wp-block-kadence-column{justify-content:start;}.kb-row-layout-id350_899840-94 > .kt-row-column-wrap{column-gap:var(--global-kb-gap-md, 2rem);row-gap:var(--global-kb-gap-md, 2rem);max-width:var( --global-content-width, 1290px );padding-left:var(--global-content-edge-padding);padding-right:var(--global-content-edge-padding);padding-top:var(--global-kb-spacing-3xl, 6.5rem);padding-right:0px;padding-bottom:var(--global-kb-spacing-4xl, 8rem);grid-template-columns:minmax(0, calc(50% - ((var(--global-kb-gap-md, 2rem) * 1 )\/2)))minmax(0, calc(50% - ((var(--global-kb-gap-md, 2rem) * 1 )\/2)));}.kb-row-layout-id350_899840-94{border-top-left-radius:10px;border-top-right-radius:10px;border-bottom-right-radius:10px;border-bottom-left-radius:10px;overflow:clip;isolation:isolate;}.kb-row-layout-id350_899840-94 > .kt-row-layout-overlay{border-top-left-radius:10px;border-top-right-radius:10px;border-bottom-right-radius:10px;border-bottom-left-radius:10px;}.kb-row-layout-id350_899840-94{border-top:5px solid var(--global-palette4, #2D3748);border-right:5px solid var(--global-palette4, #2D3748);border-bottom:5px solid var(--global-palette4, #2D3748);border-left:5px solid var(--global-palette4, #2D3748);}.kb-row-layout-id350_899840-94 > .kt-row-layout-overlay{opacity:0.30;background-color:var(--global-palette9, #ffffff);}.kb-row-layout-id350_899840-94 .kt-row-layout-top-sep{height:100px;}.kb-row-layout-id350_899840-94 .kt-row-layout-top-sep svg{width:100%;}.kb-row-layout-id350_899840-94 .kt-row-layout-top-sep svg{fill:var(--global-palette9, #ffffff)!important;}@media all and (max-width: 1024px){.kb-row-layout-id350_899840-94 > .kt-row-column-wrap{grid-template-columns:repeat(2, minmax(0, 1fr));}}@media all and (max-width: 1024px){.kb-row-layout-id350_899840-94{border-top:5px solid var(--global-palette4, #2D3748);border-right:5px solid var(--global-palette4, #2D3748);border-bottom:5px solid var(--global-palette4, #2D3748);border-left:5px solid var(--global-palette4, #2D3748);}}@media all and (max-width: 767px){.kb-row-layout-id350_899840-94 > .kt-row-column-wrap{grid-template-columns:minmax(0, 1fr);}.kb-row-layout-id350_899840-94{border-top:5px solid var(--global-palette4, #2D3748);border-right:5px solid var(--global-palette4, #2D3748);border-bottom:5px solid var(--global-palette4, #2D3748);border-left:5px solid var(--global-palette4, #2D3748);}}<\/style><div class=\"kb-row-layout-wrap kb-row-layout-id350_899840-94 alignnone has-theme-palette7-background-color kt-row-has-bg wp-block-kadence-rowlayout\"><div class=\"kt-row-layout-overlay kt-row-overlay-normal\"><\/div><div class=\"kt-row-column-wrap kt-has-2-columns kt-row-layout-equal kt-tab-layout-inherit kt-mobile-layout-row kt-row-valign-top kb-theme-content-width\">\n<style>.kadence-column350_f8d267-05 > .kt-inside-inner-col,.kadence-column350_f8d267-05 > .kt-inside-inner-col:before{border-top-left-radius:0px;border-top-right-radius:0px;border-bottom-right-radius:0px;border-bottom-left-radius:0px;}.kadence-column350_f8d267-05 > .kt-inside-inner-col{column-gap:var(--global-kb-gap-sm, 1rem);}.kadence-column350_f8d267-05 > .kt-inside-inner-col{flex-direction:column;}.kadence-column350_f8d267-05 > .kt-inside-inner-col > .aligncenter{width:100%;}.kadence-column350_f8d267-05 > .kt-inside-inner-col:before{opacity:0.3;}.kadence-column350_f8d267-05{position:relative;}@media all and (max-width: 1024px){.kadence-column350_f8d267-05 > .kt-inside-inner-col{flex-direction:column;justify-content:center;}}@media all and (max-width: 767px){.kadence-column350_f8d267-05 > .kt-inside-inner-col{flex-direction:column;justify-content:center;}}<\/style>\n<div class=\"wp-block-kadence-column kadence-column350_f8d267-05\"><div class=\"kt-inside-inner-col\"><style>.wp-block-kadence-advancedheading.kt-adv-heading350_f8a3a4-b3, .wp-block-kadence-advancedheading.kt-adv-heading350_f8a3a4-b3[data-kb-block=\"kb-adv-heading350_f8a3a4-b3\"]{text-align:center;font-style:normal;}.wp-block-kadence-advancedheading.kt-adv-heading350_f8a3a4-b3 mark.kt-highlight, .wp-block-kadence-advancedheading.kt-adv-heading350_f8a3a4-b3[data-kb-block=\"kb-adv-heading350_f8a3a4-b3\"] mark.kt-highlight{font-style:normal;color:#f76a0c;-webkit-box-decoration-break:clone;box-decoration-break:clone;padding-top:0px;padding-right:0px;padding-bottom:0px;padding-left:0px;}.wp-block-kadence-advancedheading.kt-adv-heading350_f8a3a4-b3 img.kb-inline-image, .wp-block-kadence-advancedheading.kt-adv-heading350_f8a3a4-b3[data-kb-block=\"kb-adv-heading350_f8a3a4-b3\"] img.kb-inline-image{width:150px;vertical-align:baseline;}<\/style>\n<h2 class=\"kt-adv-heading350_f8a3a4-b3 wp-block-kadence-advancedheading\" data-kb-block=\"kb-adv-heading350_f8a3a4-b3\">Office du tourisme de N\u00eemes<\/h2>\n\n\n\n<p><\/p>\n\n\n\n<h3 class=\"wp-block-heading has-text-align-center has-medium-font-size\" style=\"text-decoration:underline\"><a href=\"https:\/\/www.nimes-tourisme.com\/fr\/accueil-fr\/agenda-prochains-jours.html\" target=\"_blank\" rel=\"noreferrer noopener\">Agenda Office du tourisme<\/a><\/h3>\n\n\n\n<h3 class=\"wp-block-heading has-text-align-center has-medium-font-size\" style=\"text-decoration:underline\"><a href=\"https:\/\/www.nimes-tourisme.com\/fr\/2-non-categorise\/160-toutes-les-actus.html\" target=\"_blank\" rel=\"noreferrer noopener\">Office de tourisme de N\u00eemes &#8211; Actualit\u00e9s <\/a><\/h3>\n<\/div><\/div>\n\n\n<style>.kadence-column350_511a64-96 > .kt-inside-inner-col,.kadence-column350_511a64-96 > .kt-inside-inner-col:before{border-top-left-radius:0px;border-top-right-radius:0px;border-bottom-right-radius:0px;border-bottom-left-radius:0px;}.kadence-column350_511a64-96 > .kt-inside-inner-col{column-gap:var(--global-kb-gap-sm, 1rem);}.kadence-column350_511a64-96 > .kt-inside-inner-col{flex-direction:column;}.kadence-column350_511a64-96 > .kt-inside-inner-col > .aligncenter{width:100%;}.kadence-column350_511a64-96 > .kt-inside-inner-col:before{opacity:0.3;}.kadence-column350_511a64-96{position:relative;}@media all and (max-width: 1024px){.kadence-column350_511a64-96 > .kt-inside-inner-col{flex-direction:column;justify-content:center;}}@media all and (max-width: 767px){.kadence-column350_511a64-96 > .kt-inside-inner-col{flex-direction:column;justify-content:center;}}<\/style>\n<div class=\"wp-block-kadence-column kadence-column350_511a64-96\"><div class=\"kt-inside-inner-col\"><style>.wp-block-kadence-advancedheading.kt-adv-heading350_c062a4-80, .wp-block-kadence-advancedheading.kt-adv-heading350_c062a4-80[data-kb-block=\"kb-adv-heading350_c062a4-80\"]{text-align:center;font-style:normal;}.wp-block-kadence-advancedheading.kt-adv-heading350_c062a4-80 mark.kt-highlight, .wp-block-kadence-advancedheading.kt-adv-heading350_c062a4-80[data-kb-block=\"kb-adv-heading350_c062a4-80\"] mark.kt-highlight{font-style:normal;color:#f76a0c;-webkit-box-decoration-break:clone;box-decoration-break:clone;padding-top:0px;padding-right:0px;padding-bottom:0px;padding-left:0px;}.wp-block-kadence-advancedheading.kt-adv-heading350_c062a4-80 img.kb-inline-image, .wp-block-kadence-advancedheading.kt-adv-heading350_c062a4-80[data-kb-block=\"kb-adv-heading350_c062a4-80\"] img.kb-inline-image{width:150px;vertical-align:baseline;}<\/style>\n<h2 class=\"kt-adv-heading350_c062a4-80 wp-block-kadence-advancedheading\" data-kb-block=\"kb-adv-heading350_c062a4-80\">Partenaires<\/h2>\n\n\n\n<h3 class=\"wp-block-heading has-text-align-center has-medium-font-size\" style=\"text-decoration:underline\">Riziculteur CANAVERE  Saint Gilles<\/h3>\n\n\n\n<p>                         <strong>Miels Parignargues&nbsp;<\/strong>: <a href=\"http:\/\/www.lareineetleloup.fr\/\">www.lareineetleloup.fr<\/a><\/p>\n\n\n\n<h3 class=\"wp-block-heading has-text-align-center has-medium-font-size\" style=\"text-decoration:underline\"><a href=\"http:\/\/www.lacalmettekarting.fr\" target=\"_blank\" rel=\"noreferrer noopener\">Karting La Calmette<\/a><\/h3>\n\n\n\n<h3 class=\"wp-block-heading has-text-align-center has-medium-font-size\" style=\"text-decoration:underline\"><a href=\"https:\/\/moniteurs-gard.com\" target=\"_blank\" rel=\"noreferrer noopener\">BMG: Activit\u00e9s de pleine nature, Via Ferrata, Canyonning, Escal<\/a>ade<\/h3>\n<\/div><\/div>\n\n<\/div><\/div>\n\n\n<div class=\"wp-block-uagb-image uagb-block-a6eda4f4 wp-block-uagb-image--layout-default wp-block-uagb-image--effect-static wp-block-uagb-image--align-none\"><figure class=\"wp-block-uagb-image__figure\"><a class=\"\" href=\"https:\/\/www.lamazettedusud.net\/wp-content\/uploads\/2024\/05\/charte-1.png\" target=\"\" rel=\"noopener\"><img decoding=\"async\" srcset=\"https:\/\/www.lamazettedusud.net\/wp-content\/uploads\/2024\/05\/charte-1.png ,https:\/\/www.lamazettedusud.net\/wp-content\/uploads\/2024\/05\/charte-1.png 780w, https:\/\/www.lamazettedusud.net\/wp-content\/uploads\/2024\/05\/charte-1.png 360w\" sizes=\"auto, (max-width: 480px) 150px\" src=\"https:\/\/www.lamazettedusud.net\/wp-content\/uploads\/2024\/05\/charte-1.png\" alt=\"\" class=\"uag-image-1600\" width=\"327\" height=\"692\" title=\"charte-1\" loading=\"lazy\" role=\"img\"\/><\/a><\/figure><\/div>\n","protected":false},"excerpt":{"rendered":"<p>Office du tourisme de N\u00eemes Agenda Office du tourisme Office de tourisme de N\u00eemes &#8211; Actualit\u00e9s Partenaires Riziculteur CANAVERE Saint Gilles Miels Parignargues&nbsp;: www.lareineetleloup.fr Karting La Calmette BMG: Activit\u00e9s de pleine nature, Via Ferrata, Canyonning, Escalade<\/p>\n","protected":false},"author":1,"featured_media":0,"parent":0,"menu_order":0,"comment_status":"closed","ping_status":"closed","template":"","meta":{"_uag_custom_page_level_css":"","_kadence_starter_templates_imported_post":false,"_kad_post_transparent":"","_kad_post_title":"","_kad_post_layout":"","_kad_post_sidebar_id":"","_kad_post_content_style":"","_kad_post_vertical_padding":"","_kad_post_feature":"","_kad_post_feature_position":"","_kad_post_header":false,"_kad_post_footer":false,"_kad_post_classname":"","footnotes":""},"class_list":["post-350","page","type-page","status-publish","hentry"],"featured_image_src":null,"yoast_head":"<!-- This site is optimized with the Yoast SEO plugin v26.7 - https:\/\/yoast.com\/wordpress\/plugins\/seo\/ -->\n<title>Liens Utiles - La Mazette du Sud<\/title>\n<meta name=\"robots\" content=\"index, follow, max-snippet:-1, max-image-preview:large, max-video-preview:-1\" \/>\n<link rel=\"canonical\" href=\"https:\/\/www.lamazettedusud.net\/?page_id=350\" \/>\n<meta property=\"og:locale\" content=\"fr_FR\" \/>\n<meta property=\"og:type\" content=\"article\" \/>\n<meta property=\"og:title\" content=\"Liens Utiles - La Mazette du Sud\" \/>\n<meta property=\"og:description\" content=\"Office du tourisme de N\u00eemes Agenda Office du tourisme Office de tourisme de N\u00eemes &#8211; Actualit\u00e9s Partenaires Riziculteur CANAVERE Saint Gilles Miels Parignargues&nbsp;: www.lareineetleloup.fr Karting La Calmette BMG: Activit\u00e9s de pleine nature, Via Ferrata, Canyonning, Escalade\" \/>\n<meta property=\"og:url\" content=\"https:\/\/www.lamazettedusud.net\/?page_id=350\" \/>\n<meta property=\"og:site_name\" content=\"La Mazette du Sud\" \/>\n<meta property=\"article:modified_time\" content=\"2024-05-12T16:42:31+00:00\" \/>\n<meta property=\"og:image\" content=\"https:\/\/www.lamazettedusud.net\/wp-content\/uploads\/2024\/05\/charte-1.png\" \/>\n<meta name=\"twitter:card\" content=\"summary_large_image\" \/>\n<meta name=\"twitter:label1\" content=\"Dur\u00e9e de lecture estim\u00e9e\" \/>\n\t<meta name=\"twitter:data1\" content=\"1 minute\" \/>\n<script type=\"application\/ld+json\" class=\"yoast-schema-graph\">{\"@context\":\"https:\/\/schema.org\",\"@graph\":[{\"@type\":\"WebPage\",\"@id\":\"https:\/\/www.lamazettedusud.net\/?page_id=350\",\"url\":\"https:\/\/www.lamazettedusud.net\/?page_id=350\",\"name\":\"Liens Utiles - La Mazette du Sud\",\"isPartOf\":{\"@id\":\"https:\/\/www.lamazettedusud.net\/#website\"},\"primaryImageOfPage\":{\"@id\":\"https:\/\/www.lamazettedusud.net\/?page_id=350#primaryimage\"},\"image\":{\"@id\":\"https:\/\/www.lamazettedusud.net\/?page_id=350#primaryimage\"},\"thumbnailUrl\":\"https:\/\/www.lamazettedusud.net\/wp-content\/uploads\/2024\/05\/charte-1.png\",\"datePublished\":\"2015-10-07T20:15:00+00:00\",\"dateModified\":\"2024-05-12T16:42:31+00:00\",\"breadcrumb\":{\"@id\":\"https:\/\/www.lamazettedusud.net\/?page_id=350#breadcrumb\"},\"inLanguage\":\"fr-FR\",\"potentialAction\":[{\"@type\":\"ReadAction\",\"target\":[\"https:\/\/www.lamazettedusud.net\/?page_id=350\"]}]},{\"@type\":\"ImageObject\",\"inLanguage\":\"fr-FR\",\"@id\":\"https:\/\/www.lamazettedusud.net\/?page_id=350#primaryimage\",\"url\":\"https:\/\/www.lamazettedusud.net\/wp-content\/uploads\/2024\/05\/charte-1.png\",\"contentUrl\":\"https:\/\/www.lamazettedusud.net\/wp-content\/uploads\/2024\/05\/charte-1.png\"},{\"@type\":\"BreadcrumbList\",\"@id\":\"https:\/\/www.lamazettedusud.net\/?page_id=350#breadcrumb\",\"itemListElement\":[{\"@type\":\"ListItem\",\"position\":1,\"name\":\"Accueil\",\"item\":\"https:\/\/www.lamazettedusud.net\/\"},{\"@type\":\"ListItem\",\"position\":2,\"name\":\"Liens Utiles\"}]},{\"@type\":\"WebSite\",\"@id\":\"https:\/\/www.lamazettedusud.net\/#website\",\"url\":\"https:\/\/www.lamazettedusud.net\/\",\"name\":\"La Mazette du Sud\",\"description\":\"Gite de vacances en Provence\",\"publisher\":{\"@id\":\"https:\/\/www.lamazettedusud.net\/#organization\"},\"potentialAction\":[{\"@type\":\"SearchAction\",\"target\":{\"@type\":\"EntryPoint\",\"urlTemplate\":\"https:\/\/www.lamazettedusud.net\/?s={search_term_string}\"},\"query-input\":{\"@type\":\"PropertyValueSpecification\",\"valueRequired\":true,\"valueName\":\"search_term_string\"}}],\"inLanguage\":\"fr-FR\"},{\"@type\":\"Organization\",\"@id\":\"https:\/\/www.lamazettedusud.net\/#organization\",\"name\":\"La Mazette du Sud\",\"url\":\"https:\/\/www.lamazettedusud.net\/\",\"logo\":{\"@type\":\"ImageObject\",\"inLanguage\":\"fr-FR\",\"@id\":\"https:\/\/www.lamazettedusud.net\/#\/schema\/logo\/image\/\",\"url\":\"https:\/\/www.lamazettedusud.net\/wp-content\/uploads\/2015\/08\/IMG_1951-scaled.jpg\",\"contentUrl\":\"https:\/\/www.lamazettedusud.net\/wp-content\/uploads\/2015\/08\/IMG_1951-scaled.jpg\",\"width\":2560,\"height\":1920,\"caption\":\"La Mazette du Sud\"},\"image\":{\"@id\":\"https:\/\/www.lamazettedusud.net\/#\/schema\/logo\/image\/\"}}]}<\/script>\n<!-- \/ Yoast SEO plugin. -->","yoast_head_json":{"title":"Liens Utiles - La Mazette du Sud","robots":{"index":"index","follow":"follow","max-snippet":"max-snippet:-1","max-image-preview":"max-image-preview:large","max-video-preview":"max-video-preview:-1"},"canonical":"https:\/\/www.lamazettedusud.net\/?page_id=350","og_locale":"fr_FR","og_type":"article","og_title":"Liens Utiles - La Mazette du Sud","og_description":"Office du tourisme de N\u00eemes Agenda Office du tourisme Office de tourisme de N\u00eemes &#8211; Actualit\u00e9s Partenaires Riziculteur CANAVERE Saint Gilles Miels Parignargues&nbsp;: www.lareineetleloup.fr Karting La Calmette BMG: Activit\u00e9s de pleine nature, Via Ferrata, Canyonning, Escalade","og_url":"https:\/\/www.lamazettedusud.net\/?page_id=350","og_site_name":"La Mazette du Sud","article_modified_time":"2024-05-12T16:42:31+00:00","og_image":[{"url":"https:\/\/www.lamazettedusud.net\/wp-content\/uploads\/2024\/05\/charte-1.png","type":"","width":"","height":""}],"twitter_card":"summary_large_image","twitter_misc":{"Dur\u00e9e de lecture estim\u00e9e":"1 minute"},"schema":{"@context":"https:\/\/schema.org","@graph":[{"@type":"WebPage","@id":"https:\/\/www.lamazettedusud.net\/?page_id=350","url":"https:\/\/www.lamazettedusud.net\/?page_id=350","name":"Liens Utiles - La Mazette du Sud","isPartOf":{"@id":"https:\/\/www.lamazettedusud.net\/#website"},"primaryImageOfPage":{"@id":"https:\/\/www.lamazettedusud.net\/?page_id=350#primaryimage"},"image":{"@id":"https:\/\/www.lamazettedusud.net\/?page_id=350#primaryimage"},"thumbnailUrl":"https:\/\/www.lamazettedusud.net\/wp-content\/uploads\/2024\/05\/charte-1.png","datePublished":"2015-10-07T20:15:00+00:00","dateModified":"2024-05-12T16:42:31+00:00","breadcrumb":{"@id":"https:\/\/www.lamazettedusud.net\/?page_id=350#breadcrumb"},"inLanguage":"fr-FR","potentialAction":[{"@type":"ReadAction","target":["https:\/\/www.lamazettedusud.net\/?page_id=350"]}]},{"@type":"ImageObject","inLanguage":"fr-FR","@id":"https:\/\/www.lamazettedusud.net\/?page_id=350#primaryimage","url":"https:\/\/www.lamazettedusud.net\/wp-content\/uploads\/2024\/05\/charte-1.png","contentUrl":"https:\/\/www.lamazettedusud.net\/wp-content\/uploads\/2024\/05\/charte-1.png"},{"@type":"BreadcrumbList","@id":"https:\/\/www.lamazettedusud.net\/?page_id=350#breadcrumb","itemListElement":[{"@type":"ListItem","position":1,"name":"Accueil","item":"https:\/\/www.lamazettedusud.net\/"},{"@type":"ListItem","position":2,"name":"Liens Utiles"}]},{"@type":"WebSite","@id":"https:\/\/www.lamazettedusud.net\/#website","url":"https:\/\/www.lamazettedusud.net\/","name":"La Mazette du Sud","description":"Gite de vacances en Provence","publisher":{"@id":"https:\/\/www.lamazettedusud.net\/#organization"},"potentialAction":[{"@type":"SearchAction","target":{"@type":"EntryPoint","urlTemplate":"https:\/\/www.lamazettedusud.net\/?s={search_term_string}"},"query-input":{"@type":"PropertyValueSpecification","valueRequired":true,"valueName":"search_term_string"}}],"inLanguage":"fr-FR"},{"@type":"Organization","@id":"https:\/\/www.lamazettedusud.net\/#organization","name":"La Mazette du Sud","url":"https:\/\/www.lamazettedusud.net\/","logo":{"@type":"ImageObject","inLanguage":"fr-FR","@id":"https:\/\/www.lamazettedusud.net\/#\/schema\/logo\/image\/","url":"https:\/\/www.lamazettedusud.net\/wp-content\/uploads\/2015\/08\/IMG_1951-scaled.jpg","contentUrl":"https:\/\/www.lamazettedusud.net\/wp-content\/uploads\/2015\/08\/IMG_1951-scaled.jpg","width":2560,"height":1920,"caption":"La Mazette du Sud"},"image":{"@id":"https:\/\/www.lamazettedusud.net\/#\/schema\/logo\/image\/"}}]}},"uagb_featured_image_src":{"full":false,"thumbnail":false,"medium":false,"medium_large":false,"large":false,"1536x1536":false,"2048x2048":false},"uagb_author_info":{"display_name":"admin","author_link":"https:\/\/www.lamazettedusud.net\/?author=1"},"uagb_comment_info":0,"uagb_excerpt":"Office du tourisme de N\u00eemes Agenda Office du tourisme Office de tourisme de N\u00eemes &#8211; Actualit\u00e9s Partenaires Riziculteur CANAVERE Saint Gilles Miels Parignargues&nbsp;: www.lareineetleloup.fr Karting La Calmette BMG: Activit\u00e9s de pleine nature, Via Ferrata, Canyonning, Escalade","_links":{"self":[{"href":"https:\/\/www.lamazettedusud.net\/index.php?rest_route=\/wp\/v2\/pages\/350","targetHints":{"allow":["GET"]}}],"collection":[{"href":"https:\/\/www.lamazettedusud.net\/index.php?rest_route=\/wp\/v2\/pages"}],"about":[{"href":"https:\/\/www.lamazettedusud.net\/index.php?rest_route=\/wp\/v2\/types\/page"}],"author":[{"embeddable":true,"href":"https:\/\/www.lamazettedusud.net\/index.php?rest_route=\/wp\/v2\/users\/1"}],"replies":[{"embeddable":true,"href":"https:\/\/www.lamazettedusud.net\/index.php?rest_route=%2Fwp%2Fv2%2Fcomments&post=350"}],"version-history":[{"count":17,"href":"https:\/\/www.lamazettedusud.net\/index.php?rest_route=\/wp\/v2\/pages\/350\/revisions"}],"predecessor-version":[{"id":1602,"href":"https:\/\/www.lamazettedusud.net\/index.php?rest_route=\/wp\/v2\/pages\/350\/revisions\/1602"}],"wp:attachment":[{"href":"https:\/\/www.lamazettedusud.net\/index.php?rest_route=%2Fwp%2Fv2%2Fmedia&parent=350"}],"curies":[{"name":"wp","href":"https:\/\/api.w.org\/{rel}","templated":true}]}}