{"id":356,"date":"2015-08-11T06:38:35","date_gmt":"2015-08-11T06:38:35","guid":{"rendered":"http:\/\/www.lamazettedusud.net\/?page_id=356"},"modified":"2024-09-19T14:13:21","modified_gmt":"2024-09-19T14:13:21","slug":"tarifs","status":"publish","type":"page","link":"https:\/\/www.lamazettedusud.net\/?page_id=356","title":{"rendered":"Tarifs"},"content":{"rendered":"\n<div style=\"height:130px\" aria-hidden=\"true\" class=\"wp-block-spacer\"><\/div>\n\n\n<style>.wp-block-kadence-spacer.kt-block-spacer-356_527cc1-9c .kt-block-spacer{height:60px;}.wp-block-kadence-spacer.kt-block-spacer-356_527cc1-9c .kt-divider{border-top-width:1px;height:1px;border-top-color:var(--global-palette6, #718096);width:80%;border-top-style:solid;}<\/style>\n<div class=\"wp-block-kadence-spacer aligncenter kt-block-spacer-356_527cc1-9c\"><div class=\"kt-block-spacer kt-block-spacer-halign-center\"><hr class=\"kt-divider\"\/><\/div><\/div>\n\n\n\n<div class=\"wp-block-uagb-restaurant-menu uagb-block-7d2e30b3 uagb-rm__desk-column-3 uagb-rm__tablet-column-2 uagb-rm__mobile-column-1\">\n<div class=\"wp-block-uagb-restaurant-menu-child uagb-rest_menu__wrap\"><div class=\"uagb-rm__content\"><div class=\"uagb-rm-details\"><h4 class=\"uagb-rm__title\">Basse saison<\/h4><div class=\"uagb-rm__desc\">Du 04Janvier au 05 Avril<\/div><span class=\"uagb-rm__price\">400\u20ac\/Sem<\/span><\/div><\/div><div class=\"uagb-rm__separator\"><\/div><\/div>\n\n\n\n<div class=\"wp-block-uagb-restaurant-menu-child uagb-rest_menu__wrap\"><div class=\"uagb-rm__content\"><div class=\"uagb-rm-details\"><h4 class=\"uagb-rm__title\">Printemps<\/h4><div class=\"uagb-rm__desc\">Du 05 Avril au 31 Mai<\/div><span class=\"uagb-rm__price\">450\u20ac\/Sem<\/span><\/div><\/div><div class=\"uagb-rm__separator\"><\/div><\/div>\n\n\n\n<div class=\"wp-block-uagb-restaurant-menu-child uagb-rest_menu__wrap\"><div class=\"uagb-rm__content\"><div class=\"uagb-rm-details\"><h4 class=\"uagb-rm__title\">D\u00e9but \u00c9t\u00e9<\/h4><div class=\"uagb-rm__desc\">Du 31 Mai  au 28 Juin<\/div><span class=\"uagb-rm__price\">600\u20ac\/Sem<\/span><\/div><\/div><div class=\"uagb-rm__separator\"><\/div><\/div>\n\n\n\n<div class=\"wp-block-uagb-restaurant-menu-child uagb-rest_menu__wrap\"><div class=\"uagb-rm__content\"><div class=\"uagb-rm-details\"><h4 class=\"uagb-rm__title\">\u00c9t\u00e9<\/h4><div class=\"uagb-rm__desc\">Du 28 Juin au 12 Juillet <\/div><span class=\"uagb-rm__price\">780\u20ac\/Sem<\/span><\/div><\/div><div class=\"uagb-rm__separator\"><\/div><\/div>\n\n\n\n<div class=\"wp-block-uagb-restaurant-menu-child uagb-rest_menu__wrap\"><div class=\"uagb-rm__content\"><div class=\"uagb-rm-details\"><h4 class=\"uagb-rm__title\">Haute Saison<\/h4><div class=\"uagb-rm__desc\">Du 12Juil au 23 Ao\u00fbt <\/div><span class=\"uagb-rm__price\">970\u20ac\/Sem<\/span><\/div><\/div><div class=\"uagb-rm__separator\"><\/div><\/div>\n\n\n\n<div class=\"wp-block-uagb-restaurant-menu-child uagb-rest_menu__wrap\"><div class=\"uagb-rm__content\"><div class=\"uagb-rm-details\"><h4 class=\"uagb-rm__title\">Fin d&rsquo;\u00c9t\u00e9<\/h4><div class=\"uagb-rm__desc\">Du 23 Ao\u00fbt au 06 Septembre<\/div><span class=\"uagb-rm__price\">780\u20ac\/Sem<\/span><\/div><\/div><div class=\"uagb-rm__separator\"><\/div><\/div>\n\n\n\n<div class=\"wp-block-uagb-restaurant-menu-child uagb-rest_menu__wrap\"><div class=\"uagb-rm__content\"><div class=\"uagb-rm-details\"><h4 class=\"uagb-rm__title\">Moyenne Saison<\/h4><div class=\"uagb-rm__desc\">Du 06 au 27 Septembre<\/div><span class=\"uagb-rm__price\">600\u20ac\/Sem<\/span><\/div><\/div><div class=\"uagb-rm__separator\"><\/div><\/div>\n\n\n\n<div class=\"wp-block-uagb-restaurant-menu-child uagb-rest_menu__wrap\"><div class=\"uagb-rm__content\"><div class=\"uagb-rm-details\"><h4 class=\"uagb-rm__title\">Basse Saison<\/h4><div class=\"uagb-rm__desc\">Du 27 septembre au 13 D\u00e9cembre<\/div><span class=\"uagb-rm__price\">400\u20ac\/Sem<\/span><\/div><\/div><div class=\"uagb-rm__separator\"><\/div><\/div>\n\n\n\n<div class=\"wp-block-uagb-restaurant-menu-child uagb-rest_menu__wrap\"><div class=\"uagb-rm__content\"><div class=\"uagb-rm-details\"><h4 class=\"uagb-rm__title\">\u00c0 la Nuit\u00e9e<\/h4><div class=\"uagb-rm__desc\">\u00c0 partir du 04 Octobre<\/div><span class=\"uagb-rm__price\">90\u20ac\/Nuit<\/span><\/div><\/div><div class=\"uagb-rm__separator\"><\/div><\/div>\n<\/div>\n\n\n<style>.wp-block-kadence-spacer.kt-block-spacer-356_bea866-b4 .kt-block-spacer{height:60px;}.wp-block-kadence-spacer.kt-block-spacer-356_bea866-b4 .kt-divider{border-top-width:1px;height:1px;border-top-color:var(--global-palette6, #718096);width:80%;border-top-style:solid;}<\/style>\n<div class=\"wp-block-kadence-spacer aligncenter kt-block-spacer-356_bea866-b4\"><div class=\"kt-block-spacer kt-block-spacer-halign-center\"><hr class=\"kt-divider\"\/><\/div><\/div>\n","protected":false},"excerpt":{"rendered":"","protected":false},"author":1,"featured_media":0,"parent":0,"menu_order":0,"comment_status":"closed","ping_status":"closed","template":"","meta":{"_uag_custom_page_level_css":"","_kadence_starter_templates_imported_post":false,"_kad_post_transparent":"","_kad_post_title":"","_kad_post_layout":"","_kad_post_sidebar_id":"","_kad_post_content_style":"","_kad_post_vertical_padding":"","_kad_post_feature":"","_kad_post_feature_position":"","_kad_post_header":false,"_kad_post_footer":false,"_kad_post_classname":"","footnotes":""},"class_list":["post-356","page","type-page","status-publish","hentry"],"featured_image_src":null,"yoast_head":"<!-- This site is optimized with the Yoast SEO plugin v26.7 - https:\/\/yoast.com\/wordpress\/plugins\/seo\/ -->\n<title>Tarifs - La Mazette du Sud<\/title>\n<meta name=\"robots\" content=\"index, follow, max-snippet:-1, max-image-preview:large, max-video-preview:-1\" \/>\n<link rel=\"canonical\" href=\"https:\/\/www.lamazettedusud.net\/?page_id=356\" \/>\n<meta property=\"og:locale\" content=\"fr_FR\" \/>\n<meta property=\"og:type\" content=\"article\" \/>\n<meta property=\"og:title\" content=\"Tarifs - La Mazette du Sud\" \/>\n<meta property=\"og:url\" content=\"https:\/\/www.lamazettedusud.net\/?page_id=356\" \/>\n<meta property=\"og:site_name\" content=\"La Mazette du Sud\" \/>\n<meta property=\"article:modified_time\" content=\"2024-09-19T14:13:21+00:00\" \/>\n<meta name=\"twitter:card\" content=\"summary_large_image\" \/>\n<script type=\"application\/ld+json\" class=\"yoast-schema-graph\">{\"@context\":\"https:\/\/schema.org\",\"@graph\":[{\"@type\":\"WebPage\",\"@id\":\"https:\/\/www.lamazettedusud.net\/?page_id=356\",\"url\":\"https:\/\/www.lamazettedusud.net\/?page_id=356\",\"name\":\"Tarifs - La Mazette du Sud\",\"isPartOf\":{\"@id\":\"https:\/\/www.lamazettedusud.net\/#website\"},\"datePublished\":\"2015-08-11T06:38:35+00:00\",\"dateModified\":\"2024-09-19T14:13:21+00:00\",\"breadcrumb\":{\"@id\":\"https:\/\/www.lamazettedusud.net\/?page_id=356#breadcrumb\"},\"inLanguage\":\"fr-FR\",\"potentialAction\":[{\"@type\":\"ReadAction\",\"target\":[\"https:\/\/www.lamazettedusud.net\/?page_id=356\"]}]},{\"@type\":\"BreadcrumbList\",\"@id\":\"https:\/\/www.lamazettedusud.net\/?page_id=356#breadcrumb\",\"itemListElement\":[{\"@type\":\"ListItem\",\"position\":1,\"name\":\"Accueil\",\"item\":\"https:\/\/www.lamazettedusud.net\/\"},{\"@type\":\"ListItem\",\"position\":2,\"name\":\"Tarifs\"}]},{\"@type\":\"WebSite\",\"@id\":\"https:\/\/www.lamazettedusud.net\/#website\",\"url\":\"https:\/\/www.lamazettedusud.net\/\",\"name\":\"La Mazette du Sud\",\"description\":\"Gite de vacances en Provence\",\"publisher\":{\"@id\":\"https:\/\/www.lamazettedusud.net\/#organization\"},\"potentialAction\":[{\"@type\":\"SearchAction\",\"target\":{\"@type\":\"EntryPoint\",\"urlTemplate\":\"https:\/\/www.lamazettedusud.net\/?s={search_term_string}\"},\"query-input\":{\"@type\":\"PropertyValueSpecification\",\"valueRequired\":true,\"valueName\":\"search_term_string\"}}],\"inLanguage\":\"fr-FR\"},{\"@type\":\"Organization\",\"@id\":\"https:\/\/www.lamazettedusud.net\/#organization\",\"name\":\"La Mazette du Sud\",\"url\":\"https:\/\/www.lamazettedusud.net\/\",\"logo\":{\"@type\":\"ImageObject\",\"inLanguage\":\"fr-FR\",\"@id\":\"https:\/\/www.lamazettedusud.net\/#\/schema\/logo\/image\/\",\"url\":\"https:\/\/www.lamazettedusud.net\/wp-content\/uploads\/2015\/08\/IMG_1951-scaled.jpg\",\"contentUrl\":\"https:\/\/www.lamazettedusud.net\/wp-content\/uploads\/2015\/08\/IMG_1951-scaled.jpg\",\"width\":2560,\"height\":1920,\"caption\":\"La Mazette du Sud\"},\"image\":{\"@id\":\"https:\/\/www.lamazettedusud.net\/#\/schema\/logo\/image\/\"}}]}<\/script>\n<!-- \/ Yoast SEO plugin. -->","yoast_head_json":{"title":"Tarifs - La Mazette du Sud","robots":{"index":"index","follow":"follow","max-snippet":"max-snippet:-1","max-image-preview":"max-image-preview:large","max-video-preview":"max-video-preview:-1"},"canonical":"https:\/\/www.lamazettedusud.net\/?page_id=356","og_locale":"fr_FR","og_type":"article","og_title":"Tarifs - La Mazette du Sud","og_url":"https:\/\/www.lamazettedusud.net\/?page_id=356","og_site_name":"La Mazette du Sud","article_modified_time":"2024-09-19T14:13:21+00:00","twitter_card":"summary_large_image","schema":{"@context":"https:\/\/schema.org","@graph":[{"@type":"WebPage","@id":"https:\/\/www.lamazettedusud.net\/?page_id=356","url":"https:\/\/www.lamazettedusud.net\/?page_id=356","name":"Tarifs - La Mazette du Sud","isPartOf":{"@id":"https:\/\/www.lamazettedusud.net\/#website"},"datePublished":"2015-08-11T06:38:35+00:00","dateModified":"2024-09-19T14:13:21+00:00","breadcrumb":{"@id":"https:\/\/www.lamazettedusud.net\/?page_id=356#breadcrumb"},"inLanguage":"fr-FR","potentialAction":[{"@type":"ReadAction","target":["https:\/\/www.lamazettedusud.net\/?page_id=356"]}]},{"@type":"BreadcrumbList","@id":"https:\/\/www.lamazettedusud.net\/?page_id=356#breadcrumb","itemListElement":[{"@type":"ListItem","position":1,"name":"Accueil","item":"https:\/\/www.lamazettedusud.net\/"},{"@type":"ListItem","position":2,"name":"Tarifs"}]},{"@type":"WebSite","@id":"https:\/\/www.lamazettedusud.net\/#website","url":"https:\/\/www.lamazettedusud.net\/","name":"La Mazette du Sud","description":"Gite de vacances en Provence","publisher":{"@id":"https:\/\/www.lamazettedusud.net\/#organization"},"potentialAction":[{"@type":"SearchAction","target":{"@type":"EntryPoint","urlTemplate":"https:\/\/www.lamazettedusud.net\/?s={search_term_string}"},"query-input":{"@type":"PropertyValueSpecification","valueRequired":true,"valueName":"search_term_string"}}],"inLanguage":"fr-FR"},{"@type":"Organization","@id":"https:\/\/www.lamazettedusud.net\/#organization","name":"La Mazette du Sud","url":"https:\/\/www.lamazettedusud.net\/","logo":{"@type":"ImageObject","inLanguage":"fr-FR","@id":"https:\/\/www.lamazettedusud.net\/#\/schema\/logo\/image\/","url":"https:\/\/www.lamazettedusud.net\/wp-content\/uploads\/2015\/08\/IMG_1951-scaled.jpg","contentUrl":"https:\/\/www.lamazettedusud.net\/wp-content\/uploads\/2015\/08\/IMG_1951-scaled.jpg","width":2560,"height":1920,"caption":"La Mazette du Sud"},"image":{"@id":"https:\/\/www.lamazettedusud.net\/#\/schema\/logo\/image\/"}}]}},"uagb_featured_image_src":{"full":false,"thumbnail":false,"medium":false,"medium_large":false,"large":false,"1536x1536":false,"2048x2048":false},"uagb_author_info":{"display_name":"admin","author_link":"https:\/\/www.lamazettedusud.net\/?author=1"},"uagb_comment_info":0,"uagb_excerpt":null,"_links":{"self":[{"href":"https:\/\/www.lamazettedusud.net\/index.php?rest_route=\/wp\/v2\/pages\/356","targetHints":{"allow":["GET"]}}],"collection":[{"href":"https:\/\/www.lamazettedusud.net\/index.php?rest_route=\/wp\/v2\/pages"}],"about":[{"href":"https:\/\/www.lamazettedusud.net\/index.php?rest_route=\/wp\/v2\/types\/page"}],"author":[{"embeddable":true,"href":"https:\/\/www.lamazettedusud.net\/index.php?rest_route=\/wp\/v2\/users\/1"}],"replies":[{"embeddable":true,"href":"https:\/\/www.lamazettedusud.net\/index.php?rest_route=%2Fwp%2Fv2%2Fcomments&post=356"}],"version-history":[{"count":20,"href":"https:\/\/www.lamazettedusud.net\/index.php?rest_route=\/wp\/v2\/pages\/356\/revisions"}],"predecessor-version":[{"id":1657,"href":"https:\/\/www.lamazettedusud.net\/index.php?rest_route=\/wp\/v2\/pages\/356\/revisions\/1657"}],"wp:attachment":[{"href":"https:\/\/www.lamazettedusud.net\/index.php?rest_route=%2Fwp%2Fv2%2Fmedia&parent=356"}],"curies":[{"name":"wp","href":"https:\/\/api.w.org\/{rel}","templated":true}]}}